{"id":312,"date":"2019-02-28T08:39:37","date_gmt":"2019-02-28T08:39:37","guid":{"rendered":"https:\/\/green-heaven.net\/?page_id=312"},"modified":"2022-12-03T08:01:57","modified_gmt":"2022-12-03T07:01:57","slug":"home","status":"publish","type":"page","link":"https:\/\/green-heaven.net\/sl\/","title":{"rendered":"Domov"},"content":{"rendered":"<div class=\"slider-wrapper relative\" id=\"slider-375673404\" >\n    <div class=\"slider slider-type-fade slider-nav-simple slider-nav-large slider-nav-light slider-style-normal slider-show-nav\"\n        data-flickity-options='{            \"cellAlign\": \"center\",            \"imagesLoaded\": true,            \"lazyLoad\": 1,            \"freeScroll\": false,            \"wrapAround\": true,            \"autoPlay\": 4000,            \"pauseAutoPlayOnHover\" : false,            \"prevNextButtons\": false,            \"contain\" : true,            \"adaptiveHeight\" : true,            \"dragThreshold\" : 10,            \"percentPosition\": true,            \"pageDots\": true,            \"rightToLeft\": false,            \"draggable\": false,            \"selectedAttraction\": 0.1,            \"parallax\" : 0,            \"friction\": 0.6        }'\n        >\n        \n\n\n  <div class=\"banner has-hover has-slide-effect slide-zoom-in\" id=\"banner-1163236448\">\n          <div class=\"banner-inner fill\">\n        <div class=\"banner-bg fill\" >\n            <img loading=\"lazy\" decoding=\"async\" width=\"1600\" height=\"1065\" src=\"https:\/\/green-heaven.net\/wp-content\/uploads\/2019\/05\/Alpine-room-Bled.jpg\" class=\"bg attachment-original size-original\" alt=\"Bled Apartment\" \/>                        <div class=\"overlay\"><\/div>            \n                    <\/div>\n\t\t\n        <div class=\"banner-layers container\">\n            <div class=\"fill banner-link\"><\/div>            \n\n   <div id=\"text-box-459270225\" class=\"text-box banner-layer x50 md-x50 lg-x50 y50 md-y50 lg-y50 res-text\">\n                                <div class=\"text-box-content text dark\">\n              \n              <div class=\"text-inner text-center\">\n                  \n\n<h2 class=\"alt-font thin-font\">Prijazni gostitelji<\/h2>\n\t<div id=\"gap-1869323312\" class=\"gap-element clearfix\" style=\"display:block; height:auto;\">\n\t\t\n<style>\n#gap-1869323312 {\n  padding-top: 20px;\n}\n<\/style>\n\t<\/div>\n\t\n\n<a href=\"https:\/\/green-heaven.net\/sl\/apartment-bled\/\" class=\"button primary is-xsmall\"  >\n\t\t<span>BLED<\/span>\n\t<\/a>\n\n\n\n              <\/div>\n           <\/div>\n                            \n<style>\n#text-box-459270225 {\n  width: 100%;\n}\n#text-box-459270225 .text-box-content {\n  font-size: 200%;\n}\n@media (min-width:550px) {\n  #text-box-459270225 .text-box-content {\n    font-size: 250%;\n  }\n}\n<\/style>\n    <\/div>\n \n\n        <\/div>\n      <\/div>\n\n            \n<style>\n#banner-1163236448 {\n  padding-top: 99.99%;\n}\n#banner-1163236448 .overlay {\n  background-color: rgba(0, 0, 0, 0.5);\n}\n#banner-1163236448 .banner-bg img {\n  object-position: 51% 100%;\n}\n@media (min-width:550px) {\n  #banner-1163236448 {\n    padding-top: 50%;\n  }\n}\n<\/style>\n  <\/div>\n\n\n\n  <div class=\"banner has-hover has-slide-effect slide-zoom-in\" id=\"banner-379713260\">\n          <div class=\"banner-inner fill\">\n        <div class=\"banner-bg fill\" >\n            <img loading=\"lazy\" decoding=\"async\" width=\"1600\" height=\"1065\" src=\"https:\/\/green-heaven.net\/wp-content\/uploads\/2019\/05\/Mountain-view-Bled.jpg\" class=\"bg attachment-original size-original\" alt=\"\" \/>                        <div class=\"overlay\"><\/div>            \n                    <\/div>\n\t\t\n        <div class=\"banner-layers container\">\n            <div class=\"fill banner-link\"><\/div>            \n\n   <div id=\"text-box-1320861743\" class=\"text-box banner-layer x50 md-x50 lg-x50 y50 md-y50 lg-y50 res-text\">\n                                <div class=\"text-box-content text dark\">\n              \n              <div class=\"text-inner text-center\">\n                  \n\n<h2 class=\"alt-font\">Top destinacije v Sloveniji<\/h2>\n\t<div id=\"gap-1384809639\" class=\"gap-element clearfix\" style=\"display:block; height:auto;\">\n\t\t\n<style>\n#gap-1384809639 {\n  padding-top: 20px;\n}\n<\/style>\n\t<\/div>\n\t\n\n<a href=\"https:\/\/green-heaven.net\/sl\/apartment-bled\/\" class=\"button primary is-xsmall\"  >\n\t\t<span>BLED<\/span>\n\t<\/a>\n\n\n\n              <\/div>\n           <\/div>\n                            \n<style>\n#text-box-1320861743 {\n  width: 90%;\n}\n#text-box-1320861743 .text-box-content {\n  font-size: 200%;\n}\n@media (min-width:550px) {\n  #text-box-1320861743 {\n    width: 100%;\n  }\n  #text-box-1320861743 .text-box-content {\n    font-size: 250%;\n  }\n}\n<\/style>\n    <\/div>\n \n\n        <\/div>\n      <\/div>\n\n            \n<style>\n#banner-379713260 {\n  padding-top: 99.99%;\n}\n#banner-379713260 .overlay {\n  background-color: rgba(0, 0, 0, 0.5);\n}\n#banner-379713260 .banner-bg img {\n  object-position: 37% 0%;\n}\n@media (min-width:550px) {\n  #banner-379713260 {\n    padding-top: 50%;\n  }\n}\n<\/style>\n  <\/div>\n\n\n\n  <div class=\"banner has-hover has-slide-effect slide-zoom-in\" id=\"banner-1651505320\">\n          <div class=\"banner-inner fill\">\n        <div class=\"banner-bg fill\" >\n            <img loading=\"lazy\" decoding=\"async\" width=\"1600\" height=\"1067\" src=\"https:\/\/green-heaven.net\/wp-content\/uploads\/2019\/05\/Kranjska-Gora-Green-Heaven.jpg\" class=\"bg attachment-original size-original\" alt=\"Kranjska Gora Apartment\" \/>                        <div class=\"overlay\"><\/div>            \n                    <\/div>\n\t\t\n        <div class=\"banner-layers container\">\n            <div class=\"fill banner-link\"><\/div>            \n\n   <div id=\"text-box-1731583802\" class=\"text-box banner-layer x50 md-x50 lg-x50 y50 md-y50 lg-y50 res-text\">\n                                <div class=\"text-box-content text dark\">\n              \n              <div class=\"text-inner text-center\">\n                  \n\n<h2 class=\"alt-font\">Razgledi, ki jemljejo sapo<\/h2>\n\t<div id=\"gap-1641832567\" class=\"gap-element clearfix\" style=\"display:block; height:auto;\">\n\t\t\n<style>\n#gap-1641832567 {\n  padding-top: 20px;\n}\n<\/style>\n\t<\/div>\n\t\n\n<a href=\"https:\/\/green-heaven.net\/sl\/apartment-kranjska-gora\/\" class=\"button primary is-xsmall\"  >\n\t\t<span>KRANJSKA GORA<\/span>\n\t<\/a>\n\n\n\n              <\/div>\n           <\/div>\n                            \n<style>\n#text-box-1731583802 {\n  width: 100%;\n}\n#text-box-1731583802 .text-box-content {\n  font-size: 200%;\n}\n@media (min-width:550px) {\n  #text-box-1731583802 .text-box-content {\n    font-size: 250%;\n  }\n}\n<\/style>\n    <\/div>\n \n\n        <\/div>\n      <\/div>\n\n            \n<style>\n#banner-1651505320 {\n  padding-top: 99.99%;\n}\n#banner-1651505320 .overlay {\n  background-color: rgba(0, 0, 0, 0.5);\n}\n#banner-1651505320 .banner-bg img {\n  object-position: 50% 100%;\n}\n@media (min-width:550px) {\n  #banner-1651505320 {\n    padding-top: 50%;\n  }\n}\n<\/style>\n  <\/div>\n\n\n\n  <div class=\"banner has-hover has-slide-effect slide-zoom-in\" id=\"banner-1480037648\">\n          <div class=\"banner-inner fill\">\n        <div class=\"banner-bg fill\" >\n            <img loading=\"lazy\" decoding=\"async\" width=\"1600\" height=\"1067\" src=\"https:\/\/green-heaven.net\/wp-content\/uploads\/2019\/05\/Kranjska-Gora-Apartment.jpg\" class=\"bg attachment-original size-original\" alt=\"Kranjska Gora Apartment Inside\" \/>                        <div class=\"overlay\"><\/div>            \n                    <\/div>\n\t\t\n        <div class=\"banner-layers container\">\n            <div class=\"fill banner-link\"><\/div>            \n\n   <div id=\"text-box-1489879264\" class=\"text-box banner-layer x50 md-x50 lg-x50 y50 md-y50 lg-y50 res-text\">\n                                <div class=\"text-box-content text dark\">\n              \n              <div class=\"text-inner text-center\">\n                  \n\n<h2 class=\"alt-font\">Udobne namestitve<\/h2>\n\t<div id=\"gap-865351305\" class=\"gap-element clearfix\" style=\"display:block; height:auto;\">\n\t\t\n<style>\n#gap-865351305 {\n  padding-top: 20px;\n}\n<\/style>\n\t<\/div>\n\t\n\n<a href=\"https:\/\/green-heaven.net\/sl\/apartment-kranjska-gora\/\" class=\"button primary is-xsmall\"  >\n\t\t<span>kranjska gora<\/span>\n\t<\/a>\n\n\n\n              <\/div>\n           <\/div>\n                            \n<style>\n#text-box-1489879264 {\n  width: 100%;\n}\n#text-box-1489879264 .text-box-content {\n  font-size: 200%;\n}\n@media (min-width:550px) {\n  #text-box-1489879264 .text-box-content {\n    font-size: 250%;\n  }\n}\n<\/style>\n    <\/div>\n \n\n        <\/div>\n      <\/div>\n\n            \n<style>\n#banner-1480037648 {\n  padding-top: 99.99%;\n}\n#banner-1480037648 .overlay {\n  background-color: rgba(0, 0, 0, 0.5);\n}\n#banner-1480037648 .banner-bg img {\n  object-position: 50% 100%;\n}\n@media (min-width:550px) {\n  #banner-1480037648 {\n    padding-top: 50%;\n  }\n}\n<\/style>\n  <\/div>\n\n\n\n     <\/div>\n\n     <div class=\"loading-spin dark large centered\"><\/div>\n\n\t<\/div>\n\n\n\t<div id=\"gap-1227012077\" class=\"gap-element clearfix\" style=\"display:block; height:auto;\">\n\t\t\n<style>\n#gap-1227012077 {\n  padding-top: 50px;\n}\n<\/style>\n\t<\/div>\n\t\n\n<div class=\"row\"  id=\"row-1494945046\">\n\n\n\t<div id=\"col-1533917130\" class=\"col small-12 large-12\"  >\n\t\t\t\t<div class=\"col-inner\"  >\n\t\t\t\n\t\t\t\n\n<p class=\"alt-font\" style=\"text-align: center;\"><span style=\"font-size: 140px; color: #dedede;\">Dobrodo\u0161li<\/span><\/p>\n\n\t\t<\/div>\n\t\t\t\t\n<style>\n#col-1533917130 > .col-inner {\n  margin: 0px 0px -151px 0px;\n}\n<\/style>\n\t<\/div>\n\n\t\n\n\t<div id=\"col-1885238638\" class=\"col medium-2 small-12 large-2\"  >\n\t\t\t\t<div class=\"col-inner\"  >\n\t\t\t\n\t\t\t\n\n\n\t\t<\/div>\n\t\t\t\t\t<\/div>\n\n\t\n\n\t<div id=\"col-1682834137\" class=\"col medium-8 small-12 large-8\"  >\n\t\t\t\t<div class=\"col-inner\"  >\n\t\t\t\n\t\t\t\n\n<div id=\"cmsmasters_fb_618b8d6973\" class=\"cmsmasters_featured_block\">\n<div class=\"featured_block_inner\">\n<div class=\"featured_block_text\">\n<div id=\"cmsmasters_heading_da9e214125\" class=\"cmsmasters_heading_wrap cmsmasters_heading_align_center\">\n<h1 class=\"cmsmasters_heading thin-font\" style=\"text-align: center; font-size: 40px;\">ZELENA OAZA V SLOVENIJI<\/h1>\n<\/div>\n<\/div>\n<\/div>\n<\/div>\n<div id=\"cmsmasters_fb_92fb437567\" class=\"cmsmasters_featured_block\">\n<div class=\"featured_block_inner\">\n<div class=\"featured_block_text\">\n<p style=\"text-align: center;\">Apartmaji Green Heaven so namenjeni gostom, ki cenijo stanovanje s \u010dlove\u0161kim pridihom, zaradi katerega se po\u010dutijo kot doma.<\/p>\n<p style=\"text-align: center;\">U\u017eivajte v udobnem bivanju v na\u0161ih edinstvenih apartmajih.<\/p>\n<\/div>\n<\/div>\n<\/div>\n\n\t\t<\/div>\n\t\t\t\t\n<style>\n#col-1682834137 > .col-inner {\n  padding: 0px 50px 0px 50px;\n}\n<\/style>\n\t<\/div>\n\n\t\n\n\t<div id=\"col-2014807943\" class=\"col medium-2 small-12 large-2\"  >\n\t\t\t\t<div class=\"col-inner\"  >\n\t\t\t\n\t\t\t\n\n\n\t\t<\/div>\n\t\t\t\t\t<\/div>\n\n\t\n\n<\/div>\n\t<div id=\"gap-304131897\" class=\"gap-element clearfix\" style=\"display:block; height:auto;\">\n\t\t\n<style>\n#gap-304131897 {\n  padding-top: 50px;\n}\n<\/style>\n\t<\/div>\n\t\n\n<div class=\"row\"  id=\"row-1092918857\">\n\n\n\t<div id=\"col-453090420\" class=\"col medium-6 small-12 large-6\"  >\n\t\t\t\t<div class=\"col-inner\"  >\n\t\t\t\n\t\t\t\n\n\n  <div class=\"banner has-hover\" id=\"banner-2125666236\">\n          <div class=\"banner-inner fill\">\n        <div class=\"banner-bg fill\" >\n            <img loading=\"lazy\" decoding=\"async\" width=\"1800\" height=\"1200\" src=\"https:\/\/green-heaven.net\/wp-content\/uploads\/2019\/05\/bled.jpg\" class=\"bg attachment-original size-original\" alt=\"\" \/>                                    \n                    <\/div>\n\t\t\n        <div class=\"banner-layers container\">\n            <a class=\"fill\" href=\"https:\/\/green-heaven.net\/sl\/apartment-bled\/\" ><div class=\"fill banner-link\"><\/div><\/a>            \n\n   <div id=\"text-box-1265613109\" class=\"text-box banner-layer x0 md-x0 lg-x0 y100 md-y100 lg-y100 res-text\">\n                                <div class=\"text-box-content text dark\">\n              \n              <div class=\"text-inner text-center\">\n                  \n\n<h2>BLED<\/h2>\n\n              <\/div>\n           <\/div>\n                            \n<style>\n#text-box-1265613109 .text-box-content {\n  background-color: rgba(0, 0, 0, 0.6);\n  font-size: 150%;\n}\n#text-box-1265613109 {\n  width: 100%;\n}\n@media (min-width:550px) {\n  #text-box-1265613109 .text-box-content {\n    font-size: 250%;\n  }\n}\n<\/style>\n    <\/div>\n \n\n        <\/div>\n      <\/div>\n\n            \n<style>\n#banner-2125666236 {\n  padding-top: 99.99%;\n  background-color: rgba(255, 255, 255, 0);\n}\n#banner-2125666236 .banner-bg img {\n  object-position: 50% 66%;\n}\n<\/style>\n  <\/div>\n\n\n\n\t\t<\/div>\n\t\t\t\t\t<\/div>\n\n\t\n\n\t<div id=\"col-907186387\" class=\"col medium-6 small-12 large-6\"  >\n\t\t\t\t<div class=\"col-inner\"  >\n\t\t\t\n\t\t\t\n\n\n  <div class=\"banner has-hover\" id=\"banner-229667348\">\n          <div class=\"banner-inner fill\">\n        <div class=\"banner-bg fill\" >\n            <img loading=\"lazy\" decoding=\"async\" width=\"1024\" height=\"646\" src=\"https:\/\/green-heaven.net\/wp-content\/uploads\/2019\/05\/apartma-jasna-kranjska-gora-2015-3_5744.jpg\" class=\"bg attachment-original size-original\" alt=\"\" \/>                                    \n                    <\/div>\n\t\t\n        <div class=\"banner-layers container\">\n            <a class=\"fill\" href=\"https:\/\/green-heaven.net\/sl\/apartment-kranjska-gora\/\" ><div class=\"fill banner-link\"><\/div><\/a>            \n\n   <div id=\"text-box-2101380799\" class=\"text-box banner-layer x0 md-x0 lg-x0 y100 md-y100 lg-y100 res-text\">\n                                <div class=\"text-box-content text dark\">\n              \n              <div class=\"text-inner text-center\">\n                  \n\n<h2>KRANJSKA GORA<\/h2>\n\n              <\/div>\n           <\/div>\n                            \n<style>\n#text-box-2101380799 .text-box-content {\n  background-color: rgba(0, 0, 0, 0.6);\n  font-size: 150%;\n}\n#text-box-2101380799 {\n  width: 100%;\n}\n@media (min-width:550px) {\n  #text-box-2101380799 {\n    width: 100%;\n  }\n  #text-box-2101380799 .text-box-content {\n    font-size: 250%;\n  }\n}\n<\/style>\n    <\/div>\n \n\n        <\/div>\n      <\/div>\n\n            \n<style>\n#banner-229667348 {\n  padding-top: 99.99%;\n  background-color: rgba(255, 255, 255, 0);\n}\n#banner-229667348 .banner-bg img {\n  object-position: 57% 47%;\n}\n<\/style>\n  <\/div>\n\n\n\n\t\t<\/div>\n\t\t\t\t\t<\/div>\n\n\t\n\n<\/div>\n\t<div id=\"gap-544609542\" class=\"gap-element clearfix\" style=\"display:block; height:auto;\">\n\t\t\n<style>\n#gap-544609542 {\n  padding-top: 50px;\n}\n<\/style>\n\t<\/div>\n\t\n\n\n\t<section class=\"section\" id=\"section_1835120260\">\n\t\t<div class=\"section-bg fill\" >\n\t\t\t\t\t\t\t\t\t\n\t\t\t\n\n\t\t<\/div>\n\n\t\t\n\n\t\t<div class=\"section-content relative\">\n\t\t\t\n\n<div class=\"row row-collapse align-center\"  id=\"row-1970405531\">\n\n\n\t<div id=\"col-1563833569\" class=\"col medium-6 small-12 large-6\"  >\n\t\t\t\t<div class=\"col-inner text-center\"  >\n\t\t\t\n\t\t\t\n\n<h1 class=\"alt-font thin-font\" style=\"text-align: center; font-size: 140px;\"><span style=\"color: #d5d5d5;\">Unikatni<\/span><\/h1>\n<h1 class=\"thin-font\" style=\"font-size: 60px; margin-top: -160px;\">APARTMAJI<\/h1>\n\n\n\t\t<\/div>\n\t\t\t\t\n<style>\n#col-1563833569 > .col-inner {\n  padding: 50px 0px 50px 0px;\n}\n<\/style>\n\t<\/div>\n\n\t\n\n\t<div id=\"col-443792855\" class=\"col rooms-slider large-12\"  >\n\t\t\t\t<div class=\"col-inner\" style=\"background-color:rgb(255, 255, 255);\" >\n\t\t\t\n\t\t\t\n\n<div class=\"slider-wrapper relative\" id=\"slider-118265931\" >\n    <div class=\"slider slider-type-fade slider-nav-circle slider-nav-normal slider-nav-dark slider-nav-outside slider-style-normal slider-show-nav\"\n        data-flickity-options='{            \"cellAlign\": \"center\",            \"imagesLoaded\": true,            \"lazyLoad\": 1,            \"freeScroll\": true,            \"wrapAround\": false,            \"autoPlay\": 4000,            \"pauseAutoPlayOnHover\" : true,            \"prevNextButtons\": false,            \"contain\" : true,            \"adaptiveHeight\" : true,            \"dragThreshold\" : 10,            \"percentPosition\": true,            \"pageDots\": true,            \"rightToLeft\": false,            \"draggable\": false,            \"selectedAttraction\": 0.1,            \"parallax\" : 0,            \"friction\": 0.6        }'\n        >\n        \n\n<div class=\"row align-middle\"  id=\"row-412411294\">\n\n\n\t<div id=\"col-407102484\" class=\"col medium-6 small-12 large-6\"  >\n\t\t\t\t<div class=\"col-inner text-left\"  >\n\t\t\t\n\t\t\t\n\n\n  <div class=\"banner has-hover\" id=\"banner-279408274\">\n          <div class=\"banner-inner fill\">\n        <div class=\"banner-bg fill\" >\n            <img loading=\"lazy\" decoding=\"async\" width=\"1443\" height=\"960\" src=\"https:\/\/green-heaven.net\/wp-content\/uploads\/2019\/03\/KV81298-e1559117141511.jpg\" class=\"bg attachment-original size-original\" alt=\"\" \/>                                    \n                    <\/div>\n\t\t\n        <div class=\"banner-layers container\">\n            <div class=\"fill banner-link\"><\/div>            \n\n\n        <\/div>\n      <\/div>\n\n            \n<style>\n#banner-279408274 {\n  padding-top: 450px;\n  background-color: rgba(255, 255, 255, 0);\n}\n#banner-279408274 .banner-bg img {\n  object-position: 45% 58%;\n}\n<\/style>\n  <\/div>\n\n\n\n\t\t<\/div>\n\t\t\t\t\n<style>\n#col-407102484 > .col-inner {\n  padding: 0px 0px 0px 15px;\n}\n<\/style>\n\t<\/div>\n\n\t\n\n\t<div id=\"col-667179173\" class=\"col medium-6 small-12 large-6\"  >\n\t\t\t\t<div class=\"col-inner text-left\"  >\n\t\t\t\n\t\t\t\n\n<h2>ELEGANTEN APARTMA 4* V CENTRU BLEDA<\/h2>\n<p><em>Prebudite se v zelenem.<br \/><\/em><\/p>\n<p>\u017delite pre\u017eiveti svoj oddih v novem (2019) in elegantnem stanovanju, ki si ga drznemo poimenovati ''Zelena nebesa''?<\/p>\n<p>Izberite si sobo, ki vas prepri\u010da, zadremajte kot kralj in srkajte jutranjo kavo zunaj s pogledom na mogo\u010dne gore\u2026ali pa pojdite na tek okoli Blejskega jezera.<\/p>\n<p>Medtem vam ni treba skrbeti, kje boste parkirali svoje vozilo \u2013 zagotavljamo vam eno gara\u017eno parkiri\u0161\u010de in eno zunanje - pred hi\u0161o.<\/p>\n<p>Izbira je va\u0161a. Apartma je narejen za poslovne\u017ee, dru\u017eine in posameznike, ki cenijo dobro kakovost.<\/p>\n<p style=\"text-align: left;\"><span data-text-color=\"primary\">Od 110 EUR \/ no\u010d <\/span> <a href=\"https:\/\/green-heaven.net\/sl\/apartment-bled\/\"><span style=\"float: right;\">Preveri ve\u010d -&gt;<\/span><\/a><\/p>\n\n\t\t<\/div>\n\t\t\t\t\n<style>\n#col-667179173 > .col-inner {\n  padding: 0px 0px 0px 0;\n  margin: 0px 0px 0px 15px;\n}\n<\/style>\n\t<\/div>\n\n\t\n\n\n<style>\n#row-412411294 > .col > .col-inner {\n  padding: 0px 0px 0px 0px;\n}\n<\/style>\n<\/div>\n<div class=\"row align-middle\"  id=\"row-827822965\">\n\n\n\t<div id=\"col-66099793\" class=\"col medium-6 small-12 large-6\"  >\n\t\t\t\t<div class=\"col-inner\"  >\n\t\t\t\n\t\t\t\n\n\n  <div class=\"banner has-hover\" id=\"banner-191232688\">\n          <div class=\"banner-inner fill\">\n        <div class=\"banner-bg fill\" >\n            <img loading=\"lazy\" decoding=\"async\" width=\"1440\" height=\"960\" src=\"https:\/\/green-heaven.net\/wp-content\/uploads\/2019\/03\/kg-1.jpg\" class=\"bg attachment-original size-original\" alt=\"\" \/>                                    \n                    <\/div>\n\t\t\n        <div class=\"banner-layers container\">\n            <div class=\"fill banner-link\"><\/div>            \n\n\n        <\/div>\n      <\/div>\n\n            \n<style>\n#banner-191232688 {\n  padding-top: 450px;\n}\n<\/style>\n  <\/div>\n\n\n\n\t\t<\/div>\n\t\t\t\t\n<style>\n#col-66099793 > .col-inner {\n  margin: 0px 0px 0px 15px;\n}\n<\/style>\n\t<\/div>\n\n\t\n\n\t<div id=\"col-838961943\" class=\"col medium-6 small-12 large-6\"  >\n\t\t\t\t<div class=\"col-inner text-left\"  >\n\t\t\t\n\t\t\t\n\n<h2>RAZGLED ZA MILIJON DOLARJEV V KRANJSKI GORI<\/h2>\n<p><em>Vse je v razgledu.<\/em><\/p>\n<p>V najlep\u0161em delu Kranjske Gore, na mirni lokaciji nad jezerom Jasna, lahko najamete udobno opremljeno stanovanje z balkonom, ki se nahaja v neposredni bli\u017eini izhodi\u0161\u010dnih pohodni\u0161kih \/ kolesarskih to\u010dk.<\/p>\n<p>Za za\u010detek priporo\u010damo, da se usedete na le\u017ealnik na balkonu in opazujete vso lepoto gora in pla\u017e skozi panoramska steklena okna, medtem ko se va\u0161a plju\u010da polnijo s sve\u017eim gorskim zrakom ...<\/p>\n<p style=\"text-align: left;\"><span data-text-color=\"primary\">Od 59 EUR \/ no\u010d <\/span> <a href=\"https:\/\/green-heaven.net\/sl\/apartment-kranjska-gora\/\"><span style=\"float: right;\">Preveri ve\u010d -&gt;<\/span><\/a><\/p>\n\n\t\t<\/div>\n\t\t\t\t\n<style>\n#col-838961943 > .col-inner {\n  padding: 0px 0px 0px 0;\n  margin: 0px 0px 0px 15px;\n}\n<\/style>\n\t<\/div>\n\n\t\n\n\n<style>\n#row-827822965 > .col > .col-inner {\n  padding: 0px 0px 0px 0px;\n}\n<\/style>\n<\/div>\n\n     <\/div>\n\n     <div class=\"loading-spin dark large centered\"><\/div>\n\n\t<\/div>\n\n\n\n\t\t<\/div>\n\t\t\t\t\n<style>\n#col-443792855 > .col-inner {\n  padding: 40px 0px 40px 0px;\n}\n<\/style>\n\t<\/div>\n\n\t\n\n<\/div>\n\t<div id=\"gap-547512164\" class=\"gap-element clearfix\" style=\"display:block; height:auto;\">\n\t\t\n<style>\n#gap-547512164 {\n  padding-top: 50px;\n}\n<\/style>\n\t<\/div>\n\t\n\n\n\t\t<\/div>\n\n\t\t\n<style>\n#section_1835120260 {\n  padding-top: 0px;\n  padding-bottom: 0px;\n  background-color: rgba(245, 245, 245, 0.79);\n}\n<\/style>\n\t<\/section>\n\t\n\n\t<section class=\"section\" id=\"section_1426386889\">\n\t\t<div class=\"section-bg fill\" >\n\t\t\t\t\t\t\t\t\t\n\t\t\t\n\n\t\t<\/div>\n\n\t\t\n\n\t\t<div class=\"section-content relative\">\n\t\t\t\n\n<h1 class=\"alt-font thin-font\" style=\"text-align: center; font-size: 120px;\"><span style=\"color: #d5d5d5;\">Instagram<\/span><\/h1>\nError validating access token: The session has been invalidated because the user changed their password or Facebook has changed the session for security reasons.\n\n\n\t\t<\/div>\n\n\t\t\n<style>\n#section_1426386889 {\n  padding-top: 0px;\n  padding-bottom: 0px;\n  min-height: 0px;\n}\n<\/style>\n\t<\/section>","protected":false},"excerpt":{"rendered":"","protected":false},"author":2,"featured_media":0,"parent":0,"menu_order":0,"comment_status":"closed","ping_status":"closed","template":"page-blank.php","meta":{"footnotes":""},"class_list":["post-312","page","type-page","status-publish","hentry"],"_links":{"self":[{"href":"https:\/\/green-heaven.net\/sl\/wp-json\/wp\/v2\/pages\/312","targetHints":{"allow":["GET"]}}],"collection":[{"href":"https:\/\/green-heaven.net\/sl\/wp-json\/wp\/v2\/pages"}],"about":[{"href":"https:\/\/green-heaven.net\/sl\/wp-json\/wp\/v2\/types\/page"}],"author":[{"embeddable":true,"href":"https:\/\/green-heaven.net\/sl\/wp-json\/wp\/v2\/users\/2"}],"replies":[{"embeddable":true,"href":"https:\/\/green-heaven.net\/sl\/wp-json\/wp\/v2\/comments?post=312"}],"version-history":[{"count":170,"href":"https:\/\/green-heaven.net\/sl\/wp-json\/wp\/v2\/pages\/312\/revisions"}],"predecessor-version":[{"id":1061,"href":"https:\/\/green-heaven.net\/sl\/wp-json\/wp\/v2\/pages\/312\/revisions\/1061"}],"wp:attachment":[{"href":"https:\/\/green-heaven.net\/sl\/wp-json\/wp\/v2\/media?parent=312"}],"curies":[{"name":"wp","href":"https:\/\/api.w.org\/{rel}","templated":true}]}}